{"id":782,"date":"2026-01-29T10:09:27","date_gmt":"2026-01-29T13:09:27","guid":{"rendered":"https:\/\/mentalmentefuerte.com\/?page_id=782"},"modified":"2026-01-29T12:13:44","modified_gmt":"2026-01-29T15:13:44","slug":"diabetologia","status":"publish","type":"page","link":"https:\/\/mentalmentefuerte.com\/?page_id=782","title":{"rendered":"Diabetolog\u00eda"},"content":{"rendered":"\n<p class=\"has-text-align-center has-medium-font-size\">Me diagnosticaron diabetes&#8230; Y ahora \u00bfQu\u00e9 hago?<\/p>\n\n\n\n<div class=\"wp-block-media-text is-stacked-on-mobile\" style=\"grid-template-columns:44% auto\"><figure class=\"wp-block-media-text__media\"><img loading=\"lazy\" decoding=\"async\" width=\"1024\" height=\"591\" src=\"http:\/\/mentalmentefuerte.com\/wp-content\/uploads\/2020\/10\/diabetes-1024x591.jpg\" alt=\"\" class=\"wp-image-554 size-full\" srcset=\"https:\/\/mentalmentefuerte.com\/wp-content\/uploads\/2020\/10\/diabetes-1024x591.jpg 1024w, https:\/\/mentalmentefuerte.com\/wp-content\/uploads\/2020\/10\/diabetes-300x173.jpg 300w, https:\/\/mentalmentefuerte.com\/wp-content\/uploads\/2020\/10\/diabetes-768x443.jpg 768w, https:\/\/mentalmentefuerte.com\/wp-content\/uploads\/2020\/10\/diabetes-600x346.jpg 600w, https:\/\/mentalmentefuerte.com\/wp-content\/uploads\/2020\/10\/diabetes.jpg 1500w\" sizes=\"auto, (max-width: 1024px) 100vw, 1024px\" \/><\/figure><div class=\"wp-block-media-text__content\">\n<p>Este camino no se transita en soledad. Con informaci\u00f3n clara, apoyo y una mirada integral, es posible vivir con Diabetes de una manera mas consciente, mas humana y mas amable con uno mismo.<\/p>\n\n\n\n<p>Tener en cuenta que todos los d\u00edas no son iguales, que el estr\u00e9s, el descanso, las emociones y la alimentaci\u00f3n influyen tanto como la medicaci\u00f3n.<\/p>\n\n\n\n<p>La diabetes me obliga a frenarme, a observarme, a conocerme mejor. A entender que cuidarme no es una obligaci\u00f3n, sino una forma de vivir mejor.<\/p>\n\n\n\n<p>Es una condici\u00f3n con la que convivo, pero no me limita.<\/p>\n\n\n\n<p>El pedir ayuda es parte del cuidado y que el acompa\u00f1amiento medico adecuado marca la gran diferencia.<\/p>\n<\/div><\/div>\n\n\n\n<blockquote class=\"wp-block-quote is-layout-flow wp-block-quote-is-layout-flow\">\n<p>Soy m\u00e9dica diabet\u00f3loga con enfoque integrativo y ortomolecular. Acompa\u00f1o a personas con diabetes trabajando no solo el control de la glucemia, sino tambi\u00e9n la nutrici\u00f3n, el estr\u00e9s oxidativo y el estilo de vida, para lograr un equilibrio metab\u00f3lico m\u00e1s profundo y sostenible.<\/p>\n<\/blockquote>\n\n\n\n<div class=\"wp-block-media-text has-media-on-the-right is-stacked-on-mobile\" style=\"grid-template-columns:auto 21%\"><div class=\"wp-block-media-text__content\"><div class=\"wp-block-post-author-name\">Maria Cardozo<\/div>\n\n\n<p>Turnos: <a href=\"https:\/\/wa.me\/5492617485820?text=Hola,%20vengo%20de%20mentalmente%20fuerte.%20Quiero%20consultar%20por%20diabetolog\u00eda.\">2617485820<\/a><\/p>\n<\/div><figure class=\"wp-block-media-text__media\"><img loading=\"lazy\" decoding=\"async\" width=\"500\" height=\"500\" src=\"http:\/\/mentalmentefuerte.com\/wp-content\/uploads\/2020\/10\/Maria.png\" alt=\"\" class=\"wp-image-544 size-full\" srcset=\"https:\/\/mentalmentefuerte.com\/wp-content\/uploads\/2020\/10\/Maria.png 500w, https:\/\/mentalmentefuerte.com\/wp-content\/uploads\/2020\/10\/Maria-300x300.png 300w, https:\/\/mentalmentefuerte.com\/wp-content\/uploads\/2020\/10\/Maria-150x150.png 150w\" sizes=\"auto, (max-width: 500px) 100vw, 500px\" \/><\/figure><\/div>\n","protected":false},"excerpt":{"rendered":"<p>Me diagnosticaron diabetes&#8230; Y ahora \u00bfQu\u00e9 hago? Este camino no se transita en soledad. Con informaci\u00f3n clara, apoyo y una mirada integral, es posible vivir con Diabetes de una manera mas consciente, mas humana y mas amable con uno mismo. Tener en cuenta que todos los d\u00edas no son iguales, que el estr\u00e9s, el descanso, [&hellip;]<\/p>\n","protected":false},"author":1,"featured_media":0,"parent":378,"menu_order":0,"comment_status":"closed","ping_status":"closed","template":"","meta":{"footnotes":""},"class_list":["post-782","page","type-page","status-publish","hentry"],"_links":{"self":[{"href":"https:\/\/mentalmentefuerte.com\/index.php?rest_route=\/wp\/v2\/pages\/782","targetHints":{"allow":["GET"]}}],"collection":[{"href":"https:\/\/mentalmentefuerte.com\/index.php?rest_route=\/wp\/v2\/pages"}],"about":[{"href":"https:\/\/mentalmentefuerte.com\/index.php?rest_route=\/wp\/v2\/types\/page"}],"author":[{"embeddable":true,"href":"https:\/\/mentalmentefuerte.com\/index.php?rest_route=\/wp\/v2\/users\/1"}],"replies":[{"embeddable":true,"href":"https:\/\/mentalmentefuerte.com\/index.php?rest_route=%2Fwp%2Fv2%2Fcomments&post=782"}],"version-history":[{"count":4,"href":"https:\/\/mentalmentefuerte.com\/index.php?rest_route=\/wp\/v2\/pages\/782\/revisions"}],"predecessor-version":[{"id":805,"href":"https:\/\/mentalmentefuerte.com\/index.php?rest_route=\/wp\/v2\/pages\/782\/revisions\/805"}],"up":[{"embeddable":true,"href":"https:\/\/mentalmentefuerte.com\/index.php?rest_route=\/wp\/v2\/pages\/378"}],"wp:attachment":[{"href":"https:\/\/mentalmentefuerte.com\/index.php?rest_route=%2Fwp%2Fv2%2Fmedia&parent=782"}],"curies":[{"name":"wp","href":"https:\/\/api.w.org\/{rel}","templated":true}]}}