{"id":771,"date":"2026-01-28T13:41:28","date_gmt":"2026-01-28T16:41:28","guid":{"rendered":"https:\/\/mentalmentefuerte.com\/?page_id=771"},"modified":"2026-01-29T12:24:16","modified_gmt":"2026-01-29T15:24:16","slug":"desarrollo-personal-orientacion-en-metas-proyectos-y-objetivos","status":"publish","type":"page","link":"https:\/\/mentalmentefuerte.com\/?page_id=771","title":{"rendered":"Desarrollo Personal, Orientaci\u00f3n en Metas, Proyectos y Objetivos"},"content":{"rendered":"\n<div class=\"wp-block-columns is-layout-flex wp-container-core-columns-is-layout-9d6595d7 wp-block-columns-is-layout-flex\">\n<div class=\"wp-block-column is-vertically-aligned-center is-layout-flow wp-block-column-is-layout-flow\">\n<figure class=\"wp-block-image size-large\"><img loading=\"lazy\" decoding=\"async\" width=\"1024\" height=\"661\" src=\"http:\/\/mentalmentefuerte.com\/wp-content\/uploads\/2020\/10\/desarrollo-p-1024x661.jpg\" alt=\"\" class=\"wp-image-518\" srcset=\"https:\/\/mentalmentefuerte.com\/wp-content\/uploads\/2020\/10\/desarrollo-p-1024x661.jpg 1024w, https:\/\/mentalmentefuerte.com\/wp-content\/uploads\/2020\/10\/desarrollo-p-300x194.jpg 300w, https:\/\/mentalmentefuerte.com\/wp-content\/uploads\/2020\/10\/desarrollo-p-768x496.jpg 768w, https:\/\/mentalmentefuerte.com\/wp-content\/uploads\/2020\/10\/desarrollo-p-600x387.jpg 600w, https:\/\/mentalmentefuerte.com\/wp-content\/uploads\/2020\/10\/desarrollo-p.jpg 1500w\" sizes=\"auto, (max-width: 1024px) 100vw, 1024px\" \/><\/figure>\n\n\n\n<div style=\"height:7px\" aria-hidden=\"true\" class=\"wp-block-spacer\"><\/div>\n<\/div>\n\n\n\n<div class=\"wp-block-column is-vertically-aligned-bottom is-layout-flow wp-block-column-is-layout-flow\">\n<figure class=\"wp-block-image size-large\"><img loading=\"lazy\" decoding=\"async\" width=\"1024\" height=\"532\" src=\"http:\/\/mentalmentefuerte.com\/wp-content\/uploads\/2020\/10\/desarrollo-personal-1-e1769617680405-1024x532.png\" alt=\"\" class=\"wp-image-512\" srcset=\"https:\/\/mentalmentefuerte.com\/wp-content\/uploads\/2020\/10\/desarrollo-personal-1-e1769617680405-1024x532.png 1024w, https:\/\/mentalmentefuerte.com\/wp-content\/uploads\/2020\/10\/desarrollo-personal-1-e1769617680405-300x156.png 300w, https:\/\/mentalmentefuerte.com\/wp-content\/uploads\/2020\/10\/desarrollo-personal-1-e1769617680405-768x399.png 768w, https:\/\/mentalmentefuerte.com\/wp-content\/uploads\/2020\/10\/desarrollo-personal-1-e1769617680405-600x312.png 600w, https:\/\/mentalmentefuerte.com\/wp-content\/uploads\/2020\/10\/desarrollo-personal-1-e1769617680405.png 1352w\" sizes=\"auto, (max-width: 1024px) 100vw, 1024px\" \/><\/figure>\n\n\n\n<div style=\"height:7px\" aria-hidden=\"true\" class=\"wp-block-spacer\"><\/div>\n\n\n\n<div style=\"height:0px\" aria-hidden=\"true\" class=\"wp-block-spacer\"><\/div>\n<\/div>\n<\/div>\n\n\n\n<p class=\"has-text-align-center has-medium-font-size\">Para que sirve el Coaching.<\/p>\n\n\n\n<p>El Coaching no diagnostica, no aconseja, ni trasmite experiencias.<\/p>\n\n\n\n<p>Hay momentos en la vida, en que las personas necesitan y deciden hacer cambios, pero animarse a realizarlos,  no siempre viene acompa\u00f1ado de certezas. Muchas veces vienen las dudas, los miedos y una sensaci\u00f3n interna de no saber si estoy haciendo lo correcto. Se mezclan expectativas propias y ajenas, deseos de avanzar y temor a equivocarse, hay entusiasmo y tambi\u00e9n ansiedad. El miedo paraliza, pero decidir r\u00e1pido tambi\u00e9n asusta.<\/p>\n\n\n\n<p>El Coaching te abre un espacio para acompa\u00f1ar estos momentos de cambio, no te dice que hacer, ni te aconseja, te ayuda a escucharte mejor, a ordenar ideas y reconocer que es verdaderamente importante para vos.<\/p>\n\n\n\n<p>El Coaching te ayuda a reflexionar, a pensar, a encontrarte con tus valores y significado de vida, a tener prop\u00f3sito a trav\u00e9s de una misi\u00f3n y visi\u00f3n de lo que quieres hacer.<\/p>\n\n\n\n<p>Te ayuda a entender que equivocarse es parte de un aprendizaje y que cada decisi\u00f3n es una oportunidad de crecimiento.<\/p>\n\n\n\n<p>En el camino del Coaching se desarrolla una comunicaci\u00f3n profunda, una escucha activa, un camino de aprendizaje donde se cultiva la confianza y la seguridad personal (empoderamiento).<\/p>\n\n\n\n<p>En el Coaching no existen los prejuicios, ni se juzga; se acompa\u00f1a y pregunta a trav\u00e9s de m\u00faltiples herramientas, para que el cliente descubra sus miedos, sus esquemas mentales que lo obstaculizan; pero tambi\u00e9n para ser consciente todos sus talentos y capacidades que lo lleven a establecer metas y objetivos, pasando de un estado Actual a un estado Deseado, donde se sienta mas pleno y feliz como persona.<\/p>\n\n\n\n<div class=\"wp-block-media-text has-media-on-the-right is-stacked-on-mobile\" style=\"grid-template-columns:auto 25%\"><div class=\"wp-block-media-text__content\"><div class=\"wp-block-post-author-name\">Carlos Rodolfo Bern\u00e9<\/div>\n\n\n<p>Contacto: <a href=\"https:\/\/wa.me\/5492615922609?text=Hola,%20vengo%20de%20mentalmente%20fuerte.%20Quiero%20consultar%20por%20Coaching.\">2615922609<\/a><\/p>\n<\/div><figure class=\"wp-block-media-text__media\"><img loading=\"lazy\" decoding=\"async\" width=\"500\" height=\"500\" src=\"http:\/\/mentalmentefuerte.com\/wp-content\/uploads\/2020\/10\/Carlos.png\" alt=\"\" class=\"wp-image-545 size-full\" srcset=\"https:\/\/mentalmentefuerte.com\/wp-content\/uploads\/2020\/10\/Carlos.png 500w, https:\/\/mentalmentefuerte.com\/wp-content\/uploads\/2020\/10\/Carlos-300x300.png 300w, https:\/\/mentalmentefuerte.com\/wp-content\/uploads\/2020\/10\/Carlos-150x150.png 150w\" sizes=\"auto, (max-width: 500px) 100vw, 500px\" \/><\/figure><\/div>\n\n\n\n<p><\/p>\n","protected":false},"excerpt":{"rendered":"<p>Para que sirve el Coaching. El Coaching no diagnostica, no aconseja, ni trasmite experiencias. Hay momentos en la vida, en que las personas necesitan y deciden hacer cambios, pero animarse a realizarlos, no siempre viene acompa\u00f1ado de certezas. Muchas veces vienen las dudas, los miedos y una sensaci\u00f3n interna de no saber si estoy haciendo [&hellip;]<\/p>\n","protected":false},"author":4,"featured_media":0,"parent":378,"menu_order":0,"comment_status":"closed","ping_status":"closed","template":"","meta":{"footnotes":""},"class_list":["post-771","page","type-page","status-publish","hentry"],"_links":{"self":[{"href":"https:\/\/mentalmentefuerte.com\/index.php?rest_route=\/wp\/v2\/pages\/771","targetHints":{"allow":["GET"]}}],"collection":[{"href":"https:\/\/mentalmentefuerte.com\/index.php?rest_route=\/wp\/v2\/pages"}],"about":[{"href":"https:\/\/mentalmentefuerte.com\/index.php?rest_route=\/wp\/v2\/types\/page"}],"author":[{"embeddable":true,"href":"https:\/\/mentalmentefuerte.com\/index.php?rest_route=\/wp\/v2\/users\/4"}],"replies":[{"embeddable":true,"href":"https:\/\/mentalmentefuerte.com\/index.php?rest_route=%2Fwp%2Fv2%2Fcomments&post=771"}],"version-history":[{"count":2,"href":"https:\/\/mentalmentefuerte.com\/index.php?rest_route=\/wp\/v2\/pages\/771\/revisions"}],"predecessor-version":[{"id":813,"href":"https:\/\/mentalmentefuerte.com\/index.php?rest_route=\/wp\/v2\/pages\/771\/revisions\/813"}],"up":[{"embeddable":true,"href":"https:\/\/mentalmentefuerte.com\/index.php?rest_route=\/wp\/v2\/pages\/378"}],"wp:attachment":[{"href":"https:\/\/mentalmentefuerte.com\/index.php?rest_route=%2Fwp%2Fv2%2Fmedia&parent=771"}],"curies":[{"name":"wp","href":"https:\/\/api.w.org\/{rel}","templated":true}]}}