{"id":378,"date":"2020-09-21T17:54:53","date_gmt":"2020-09-21T20:54:53","guid":{"rendered":"http:\/\/mentalmentefuerte.com\/?page_id=378"},"modified":"2026-01-29T10:44:03","modified_gmt":"2026-01-29T13:44:03","slug":"que-ofrecemos","status":"publish","type":"page","link":"https:\/\/mentalmentefuerte.com\/?page_id=378","title":{"rendered":"\u00bfQu\u00e9 ofrecemos?"},"content":{"rendered":"\n<div class=\"wp-block-columns is-layout-flex wp-container-core-columns-is-layout-9d6595d7 wp-block-columns-is-layout-flex\">\n<div class=\"wp-block-column is-layout-flow wp-block-column-is-layout-flow\">\n<figure class=\"wp-block-image size-large\"><a href=\"https:\/\/mentalmentefuerte.com\/?page_id=746\"><img loading=\"lazy\" decoding=\"async\" width=\"1024\" height=\"725\" src=\"http:\/\/mentalmentefuerte.com\/wp-content\/uploads\/2020\/10\/medica-1024x725.jpg\" alt=\"\" class=\"wp-image-519\" srcset=\"https:\/\/mentalmentefuerte.com\/wp-content\/uploads\/2020\/10\/medica-1024x725.jpg 1024w, https:\/\/mentalmentefuerte.com\/wp-content\/uploads\/2020\/10\/medica-300x212.jpg 300w, https:\/\/mentalmentefuerte.com\/wp-content\/uploads\/2020\/10\/medica-768x544.jpg 768w, https:\/\/mentalmentefuerte.com\/wp-content\/uploads\/2020\/10\/medica-600x425.jpg 600w, https:\/\/mentalmentefuerte.com\/wp-content\/uploads\/2020\/10\/medica.jpg 1500w\" sizes=\"auto, (max-width: 1024px) 100vw, 1024px\" \/><\/a><\/figure>\n\n\n\n<p class=\"has-text-align-center has-large-font-size\"><a href=\"https:\/\/mentalmentefuerte.com\/?page_id=746\" data-type=\"page\" data-id=\"746\">Consultas M\u00e9dicas<\/a><\/p>\n\n\n\n<div style=\"height:45px\" aria-hidden=\"true\" class=\"wp-block-spacer\"><\/div>\n\n\n\n<figure class=\"wp-block-image size-large\"><a href=\"https:\/\/mentalmentefuerte.com\/?page_id=771\u2197\"><img loading=\"lazy\" decoding=\"async\" width=\"1024\" height=\"661\" src=\"http:\/\/mentalmentefuerte.com\/wp-content\/uploads\/2020\/10\/desarrollo-p-1024x661.jpg\" alt=\"\" class=\"wp-image-518\" srcset=\"https:\/\/mentalmentefuerte.com\/wp-content\/uploads\/2020\/10\/desarrollo-p-1024x661.jpg 1024w, https:\/\/mentalmentefuerte.com\/wp-content\/uploads\/2020\/10\/desarrollo-p-300x194.jpg 300w, https:\/\/mentalmentefuerte.com\/wp-content\/uploads\/2020\/10\/desarrollo-p-768x496.jpg 768w, https:\/\/mentalmentefuerte.com\/wp-content\/uploads\/2020\/10\/desarrollo-p-600x387.jpg 600w, https:\/\/mentalmentefuerte.com\/wp-content\/uploads\/2020\/10\/desarrollo-p.jpg 1500w\" sizes=\"auto, (max-width: 1024px) 100vw, 1024px\" \/><\/a><\/figure>\n\n\n\n<p class=\"has-text-align-center has-large-font-size\"><a href=\"https:\/\/mentalmentefuerte.com\/?page_id=771\u2197\">Desarrollo Personal, Orientaci\u00f3n en Metas, Proyectos y Objetivos<\/a><\/p>\n\n\n\n<figure class=\"wp-block-image size-large\"><a href=\"https:\/\/mentalmentefuerte.com\/?page_id=771\u2197\"><img decoding=\"async\" src=\"http:\/\/mentalmentefuerte.com\/wp-content\/uploads\/2020\/10\/desarrollo-personal-1-1024x532.png\" alt=\"\" class=\"wp-image-512\"\/><\/a><\/figure>\n\n\n\n<div style=\"height:45px\" aria-hidden=\"true\" class=\"wp-block-spacer\"><\/div>\n\n\n\n<hr class=\"wp-block-separator has-alpha-channel-opacity is-style-dots\"\/>\n\n\n\n<figure class=\"wp-block-image size-large\"><a href=\"https:\/\/mentalmentefuerte.com\/?page_id=759\"><img loading=\"lazy\" decoding=\"async\" width=\"1024\" height=\"595\" src=\"http:\/\/mentalmentefuerte.com\/wp-content\/uploads\/2020\/10\/Medicina-legal-1024x595.jpg\" alt=\"\" class=\"wp-image-553\" srcset=\"https:\/\/mentalmentefuerte.com\/wp-content\/uploads\/2020\/10\/Medicina-legal-1024x595.jpg 1024w, https:\/\/mentalmentefuerte.com\/wp-content\/uploads\/2020\/10\/Medicina-legal-300x174.jpg 300w, https:\/\/mentalmentefuerte.com\/wp-content\/uploads\/2020\/10\/Medicina-legal-768x446.jpg 768w, https:\/\/mentalmentefuerte.com\/wp-content\/uploads\/2020\/10\/Medicina-legal-600x349.jpg 600w, https:\/\/mentalmentefuerte.com\/wp-content\/uploads\/2020\/10\/Medicina-legal.jpg 1500w\" sizes=\"auto, (max-width: 1024px) 100vw, 1024px\" \/><\/a><\/figure>\n\n\n\n<p class=\"has-text-align-center has-large-font-size\"><a href=\"https:\/\/mentalmentefuerte.com\/?page_id=759\">Medicina Legal<\/a><\/p>\n<\/div>\n\n\n\n<div class=\"wp-block-column is-vertically-aligned-center is-layout-flow wp-block-column-is-layout-flow\">\n<figure class=\"wp-block-image size-large\"><img loading=\"lazy\" decoding=\"async\" width=\"1024\" height=\"497\" src=\"http:\/\/mentalmentefuerte.com\/wp-content\/uploads\/2020\/10\/odontologia-1024x497.jpg\" alt=\"\" class=\"wp-image-517\" srcset=\"https:\/\/mentalmentefuerte.com\/wp-content\/uploads\/2020\/10\/odontologia-1024x497.jpg 1024w, https:\/\/mentalmentefuerte.com\/wp-content\/uploads\/2020\/10\/odontologia-300x146.jpg 300w, https:\/\/mentalmentefuerte.com\/wp-content\/uploads\/2020\/10\/odontologia-768x373.jpg 768w, https:\/\/mentalmentefuerte.com\/wp-content\/uploads\/2020\/10\/odontologia-600x291.jpg 600w, https:\/\/mentalmentefuerte.com\/wp-content\/uploads\/2020\/10\/odontologia.jpg 1500w\" sizes=\"auto, (max-width: 1024px) 100vw, 1024px\" \/><\/figure>\n\n\n\n<p class=\"has-text-align-center has-large-font-size\">Odontolog\u00eda<\/p>\n\n\n\n<div style=\"height:45px\" aria-hidden=\"true\" class=\"wp-block-spacer\"><\/div>\n\n\n\n<figure class=\"wp-block-image size-large\"><a href=\"https:\/\/mentalmentefuerte.com\/?page_id=782\"><img loading=\"lazy\" decoding=\"async\" width=\"1024\" height=\"591\" src=\"http:\/\/mentalmentefuerte.com\/wp-content\/uploads\/2020\/10\/diabetes-1024x591.jpg\" alt=\"\" class=\"wp-image-554\" srcset=\"https:\/\/mentalmentefuerte.com\/wp-content\/uploads\/2020\/10\/diabetes-1024x591.jpg 1024w, https:\/\/mentalmentefuerte.com\/wp-content\/uploads\/2020\/10\/diabetes-300x173.jpg 300w, https:\/\/mentalmentefuerte.com\/wp-content\/uploads\/2020\/10\/diabetes-768x443.jpg 768w, https:\/\/mentalmentefuerte.com\/wp-content\/uploads\/2020\/10\/diabetes-600x346.jpg 600w, https:\/\/mentalmentefuerte.com\/wp-content\/uploads\/2020\/10\/diabetes.jpg 1500w\" sizes=\"auto, (max-width: 1024px) 100vw, 1024px\" \/><\/a><\/figure>\n\n\n\n<p class=\"has-text-align-center has-large-font-size\"><a href=\"https:\/\/mentalmentefuerte.com\/?page_id=782\">Diabetolog\u00eda<\/a><\/p>\n\n\n\n<div style=\"height:45px\" aria-hidden=\"true\" class=\"wp-block-spacer\"><\/div>\n\n\n\n<figure class=\"wp-block-image size-large\"><a href=\"https:\/\/mentalmentefuerte.com\/?page_id=777\"><img loading=\"lazy\" decoding=\"async\" width=\"1024\" height=\"575\" src=\"http:\/\/mentalmentefuerte.com\/wp-content\/uploads\/2020\/10\/Tratamiento-Online-1024x575.jpg\" alt=\"\" class=\"wp-image-515\" srcset=\"https:\/\/mentalmentefuerte.com\/wp-content\/uploads\/2020\/10\/Tratamiento-Online-1024x575.jpg 1024w, https:\/\/mentalmentefuerte.com\/wp-content\/uploads\/2020\/10\/Tratamiento-Online-300x169.jpg 300w, https:\/\/mentalmentefuerte.com\/wp-content\/uploads\/2020\/10\/Tratamiento-Online-768x432.jpg 768w, https:\/\/mentalmentefuerte.com\/wp-content\/uploads\/2020\/10\/Tratamiento-Online-1160x653.jpg 1160w, https:\/\/mentalmentefuerte.com\/wp-content\/uploads\/2020\/10\/Tratamiento-Online-600x337.jpg 600w, https:\/\/mentalmentefuerte.com\/wp-content\/uploads\/2020\/10\/Tratamiento-Online.jpg 1500w\" sizes=\"auto, (max-width: 1024px) 100vw, 1024px\" \/><\/a><\/figure>\n\n\n\n<p class=\"has-text-align-center has-large-font-size\"><a href=\"https:\/\/mentalmentefuerte.com\/?page_id=777\">Tratamientos Online<\/a><\/p>\n<\/div>\n<\/div>\n\n\n\n<p><\/p>\n","protected":false},"excerpt":{"rendered":"<p>Consultas M\u00e9dicas Desarrollo Personal, Orientaci\u00f3n en Metas, Proyectos y Objetivos Medicina Legal Odontolog\u00eda Diabetolog\u00eda Tratamientos Online<\/p>\n","protected":false},"author":1,"featured_media":0,"parent":0,"menu_order":0,"comment_status":"closed","ping_status":"closed","template":"","meta":{"footnotes":""},"class_list":["post-378","page","type-page","status-publish","hentry"],"_links":{"self":[{"href":"https:\/\/mentalmentefuerte.com\/index.php?rest_route=\/wp\/v2\/pages\/378","targetHints":{"allow":["GET"]}}],"collection":[{"href":"https:\/\/mentalmentefuerte.com\/index.php?rest_route=\/wp\/v2\/pages"}],"about":[{"href":"https:\/\/mentalmentefuerte.com\/index.php?rest_route=\/wp\/v2\/types\/page"}],"author":[{"embeddable":true,"href":"https:\/\/mentalmentefuerte.com\/index.php?rest_route=\/wp\/v2\/users\/1"}],"replies":[{"embeddable":true,"href":"https:\/\/mentalmentefuerte.com\/index.php?rest_route=%2Fwp%2Fv2%2Fcomments&post=378"}],"version-history":[{"count":25,"href":"https:\/\/mentalmentefuerte.com\/index.php?rest_route=\/wp\/v2\/pages\/378\/revisions"}],"predecessor-version":[{"id":784,"href":"https:\/\/mentalmentefuerte.com\/index.php?rest_route=\/wp\/v2\/pages\/378\/revisions\/784"}],"wp:attachment":[{"href":"https:\/\/mentalmentefuerte.com\/index.php?rest_route=%2Fwp%2Fv2%2Fmedia&parent=378"}],"curies":[{"name":"wp","href":"https:\/\/api.w.org\/{rel}","templated":true}]}}