{"id":376,"date":"2020-09-21T17:54:53","date_gmt":"2020-09-21T20:54:53","guid":{"rendered":"http:\/\/mentalmentefuerte.com\/?page_id=376"},"modified":"2020-10-07T10:31:03","modified_gmt":"2020-10-07T13:31:03","slug":"quienes-somos","status":"publish","type":"page","link":"https:\/\/mentalmentefuerte.com\/?page_id=376","title":{"rendered":"\u00bfQui\u00e9nes somos?"},"content":{"rendered":"\n<div class=\"wp-block-group\"><div class=\"wp-block-group__inner-container is-layout-flow wp-block-group-is-layout-flow\">\n<div style=\"height:94px\" aria-hidden=\"true\" class=\"wp-block-spacer\"><\/div>\n\n\n\n<div class=\"wp-block-media-text is-stacked-on-mobile\"><figure class=\"wp-block-media-text__media\"><img loading=\"lazy\" decoding=\"async\" width=\"500\" height=\"500\" src=\"http:\/\/mentalmentefuerte.com\/wp-content\/uploads\/2020\/10\/Carlos.png\" alt=\"\" class=\"wp-image-545\" srcset=\"https:\/\/mentalmentefuerte.com\/wp-content\/uploads\/2020\/10\/Carlos.png 500w, https:\/\/mentalmentefuerte.com\/wp-content\/uploads\/2020\/10\/Carlos-300x300.png 300w, https:\/\/mentalmentefuerte.com\/wp-content\/uploads\/2020\/10\/Carlos-150x150.png 150w\" sizes=\"auto, (max-width: 500px) 100vw, 500px\" \/><\/figure><div class=\"wp-block-media-text__content\">\n<p class=\"has-text-align-center\" id=\"block-8bd01a2b-fac7-418e-86a5-34c1f516e5a8\" style=\"font-size:30px\"><strong>Carlos Bern\u00e9<\/strong><br><sub>Psic\u00f3logo Social &#8211; Coaching Psicol\u00f3gico Integral Orientado a la comunicaci\u00f3n y el desarrollo personal<\/sub><\/p>\n<\/div><\/div>\n\n\n\n<div style=\"height:94px\" aria-hidden=\"true\" class=\"wp-block-spacer\"><\/div>\n\n\n\n<div class=\"wp-block-media-text is-stacked-on-mobile\"><figure class=\"wp-block-media-text__media\"><img loading=\"lazy\" decoding=\"async\" width=\"500\" height=\"500\" src=\"http:\/\/mentalmentefuerte.com\/wp-content\/uploads\/2020\/10\/Maria.png\" alt=\"\" class=\"wp-image-544\" srcset=\"https:\/\/mentalmentefuerte.com\/wp-content\/uploads\/2020\/10\/Maria.png 500w, https:\/\/mentalmentefuerte.com\/wp-content\/uploads\/2020\/10\/Maria-300x300.png 300w, https:\/\/mentalmentefuerte.com\/wp-content\/uploads\/2020\/10\/Maria-150x150.png 150w\" sizes=\"auto, (max-width: 500px) 100vw, 500px\" \/><\/figure><div class=\"wp-block-media-text__content\">\n<div class=\"wp-block-group\"><div class=\"wp-block-group__inner-container is-layout-flow wp-block-group-is-layout-flow\">\n<p class=\"has-text-align-center\" style=\"font-size:30px\"><strong>Mar\u00eda Cardozo<\/strong><br><sub>M\u00e9dica Cl\u00ednica &#8211; Diabetolog\u00eda &#8211; Medicina Legal<\/sub><\/p>\n<\/div><\/div>\n<\/div><\/div>\n<\/div><\/div>\n\n\n\n<div style=\"height:94px\" aria-hidden=\"true\" class=\"wp-block-spacer\"><\/div>\n\n\n\n<div class=\"wp-block-media-text is-stacked-on-mobile\" style=\"grid-template-columns:51% auto\"><figure class=\"wp-block-media-text__media\"><img loading=\"lazy\" decoding=\"async\" width=\"500\" height=\"500\" src=\"https:\/\/mentalmentefuerte.com\/wp-content\/uploads\/2020\/10\/unknown.png\" alt=\"\" class=\"wp-image-561\" srcset=\"https:\/\/mentalmentefuerte.com\/wp-content\/uploads\/2020\/10\/unknown.png 500w, https:\/\/mentalmentefuerte.com\/wp-content\/uploads\/2020\/10\/unknown-300x300.png 300w, https:\/\/mentalmentefuerte.com\/wp-content\/uploads\/2020\/10\/unknown-150x150.png 150w\" sizes=\"auto, (max-width: 500px) 100vw, 500px\" \/><\/figure><div class=\"wp-block-media-text__content\">\n<div class=\"wp-block-group\"><div class=\"wp-block-group__inner-container is-layout-flow wp-block-group-is-layout-flow\">\n<p class=\"has-text-align-center\" style=\"font-size:30px\"><strong>Mar\u00eda Jimena Torres<\/strong><br><sub>Odont\u00f3loga<\/sub><\/p>\n<\/div><\/div>\n\n\n\n<p><\/p>\n<\/div><\/div>\n","protected":false},"excerpt":{"rendered":"<p>Carlos Bern\u00e9Psic\u00f3logo Social &#8211; Coaching Psicol\u00f3gico Integral Orientado a la comunicaci\u00f3n y el desarrollo personal Mar\u00eda CardozoM\u00e9dica Cl\u00ednica &#8211; Diabetolog\u00eda &#8211; Medicina Legal<\/p>\n","protected":false},"author":1,"featured_media":0,"parent":0,"menu_order":0,"comment_status":"closed","ping_status":"closed","template":"","meta":{"footnotes":""},"class_list":["post-376","page","type-page","status-publish","hentry"],"_links":{"self":[{"href":"https:\/\/mentalmentefuerte.com\/index.php?rest_route=\/wp\/v2\/pages\/376","targetHints":{"allow":["GET"]}}],"collection":[{"href":"https:\/\/mentalmentefuerte.com\/index.php?rest_route=\/wp\/v2\/pages"}],"about":[{"href":"https:\/\/mentalmentefuerte.com\/index.php?rest_route=\/wp\/v2\/types\/page"}],"author":[{"embeddable":true,"href":"https:\/\/mentalmentefuerte.com\/index.php?rest_route=\/wp\/v2\/users\/1"}],"replies":[{"embeddable":true,"href":"https:\/\/mentalmentefuerte.com\/index.php?rest_route=%2Fwp%2Fv2%2Fcomments&post=376"}],"version-history":[{"count":20,"href":"https:\/\/mentalmentefuerte.com\/index.php?rest_route=\/wp\/v2\/pages\/376\/revisions"}],"predecessor-version":[{"id":817,"href":"https:\/\/mentalmentefuerte.com\/index.php?rest_route=\/wp\/v2\/pages\/376\/revisions\/817"}],"wp:attachment":[{"href":"https:\/\/mentalmentefuerte.com\/index.php?rest_route=%2Fwp%2Fv2%2Fmedia&parent=376"}],"curies":[{"name":"wp","href":"https:\/\/api.w.org\/{rel}","templated":true}]}}