{"id":146,"date":"2020-04-20T06:24:03","date_gmt":"2020-04-20T09:24:03","guid":{"rendered":"https:\/\/demo.themegrill.com\/cenote\/?page_id=146"},"modified":"2025-01-15T12:51:40","modified_gmt":"2025-01-15T15:51:40","slug":"full-width-page","status":"publish","type":"page","link":"https:\/\/mentalmentefuerte.com\/?page_id=146","title":{"rendered":"Mentalmente Fuerte \u00bfQu\u00e9 es?"},"content":{"rendered":"\n<p><\/p>\n\n\n\n<p class=\"has-medium-font-size\">Es un blog creado por distintos profesionales, con el prop\u00f3sito de preservar y aumentar nuestra salud f\u00edsica y mental.<\/p>\n\n\n\n<p class=\"has-medium-font-size\">Es un espacio interdisciplinario en donde interviene los \u00e1mbitos de la psicolog\u00eda social, coaching dedicado al desarrollo personal, medicina cl\u00ednica, diabetologia y odontolog\u00eda.<\/p>\n\n\n\n<p class=\"has-medium-font-size\">Hemos creado espacios dedicados a la meditaci\u00f3n y reflexi\u00f3n, porque estamos convencidos en la necesidad del profundo equilibrio que debe haber en la relaci\u00f3n cuerpo-mente para una salud plena y equilibrada.<\/p>\n\n\n\n<p class=\"has-medium-font-size\">La mejora de la comunicaci\u00f3n, la sana interrelaci\u00f3n, la buena interacci\u00f3n, activan en el ser humano los mecanismos de defensa que favorecen la curaci\u00f3n.<\/p>\n\n\n\n<p class=\"has-medium-font-size\">Este espacio busca los caminos para vencer nuestras creencias limitantes, nuestros miedos, nuestros prejuicios para salir de las zonas de confort y hacer florecer nuestras capacidades en la b\u00fasqueda permanente de nuestros proyectos y objetivos.&nbsp;<\/p>\n\n\n\n<p><\/p>\n","protected":false},"excerpt":{"rendered":"<p>Es un blog creado por distintos profesionales, con el prop\u00f3sito de preservar y aumentar nuestra salud f\u00edsica y mental. Es un espacio interdisciplinario en donde interviene los \u00e1mbitos de la psicolog\u00eda social, coaching dedicado al desarrollo personal, medicina cl\u00ednica, diabetologia y odontolog\u00eda. Hemos creado espacios dedicados a la meditaci\u00f3n y reflexi\u00f3n, porque estamos convencidos en [&hellip;]<\/p>\n","protected":false},"author":1,"featured_media":0,"parent":0,"menu_order":0,"comment_status":"closed","ping_status":"closed","template":"","meta":{"footnotes":""},"class_list":["post-146","page","type-page","status-publish","hentry"],"_links":{"self":[{"href":"https:\/\/mentalmentefuerte.com\/index.php?rest_route=\/wp\/v2\/pages\/146","targetHints":{"allow":["GET"]}}],"collection":[{"href":"https:\/\/mentalmentefuerte.com\/index.php?rest_route=\/wp\/v2\/pages"}],"about":[{"href":"https:\/\/mentalmentefuerte.com\/index.php?rest_route=\/wp\/v2\/types\/page"}],"author":[{"embeddable":true,"href":"https:\/\/mentalmentefuerte.com\/index.php?rest_route=\/wp\/v2\/users\/1"}],"replies":[{"embeddable":true,"href":"https:\/\/mentalmentefuerte.com\/index.php?rest_route=%2Fwp%2Fv2%2Fcomments&post=146"}],"version-history":[{"count":7,"href":"https:\/\/mentalmentefuerte.com\/index.php?rest_route=\/wp\/v2\/pages\/146\/revisions"}],"predecessor-version":[{"id":616,"href":"https:\/\/mentalmentefuerte.com\/index.php?rest_route=\/wp\/v2\/pages\/146\/revisions\/616"}],"wp:attachment":[{"href":"https:\/\/mentalmentefuerte.com\/index.php?rest_route=%2Fwp%2Fv2%2Fmedia&parent=146"}],"curies":[{"name":"wp","href":"https:\/\/api.w.org\/{rel}","templated":true}]}}